{"id":6,"date":"2015-10-15T01:15:17","date_gmt":"2015-10-15T01:15:17","guid":{"rendered":"http:\/\/kpva.org\/?page_id=6"},"modified":"2021-10-23T06:20:50","modified_gmt":"2021-10-23T10:20:50","slug":"aboutus","status":"publish","type":"page","link":"http:\/\/www.kpva.org\/es\/aboutus\/","title":{"rendered":"Sobre nosotros"},"content":{"rendered":"<h2 class=\"has-text-align-center wp-block-heading\"><strong>&nbsp;<b>Bienvenido a Keystone Paralyzed Veterans of America<\/b><\/strong><\/h2>\n\n\n\n<div class=\"wp-block-image\"><figure class=\"aligncenter\"><a href=\"https:\/\/kpva.org\/wp-content\/uploads\/2015\/10\/PVA_RebrandLogo_Keystone_4Cver.jpg\" rel=\"attachment wp-att-993\"><img fetchpriority=\"high\" decoding=\"async\" width=\"300\" height=\"263\" src=\"https:\/\/kpva.org\/wp-content\/uploads\/2015\/10\/PVA_RebrandLogo_Keystone_4Cver-300x263.jpg\" alt=\"Print\" class=\"wp-image-993\" srcset=\"https:\/\/www.kpva.org\/wp-content\/uploads\/2015\/10\/PVA_RebrandLogo_Keystone_4Cver-300x263.jpg 300w, https:\/\/www.kpva.org\/wp-content\/uploads\/2015\/10\/PVA_RebrandLogo_Keystone_4Cver.jpg 685w\" sizes=\"(max-width: 300px) 100vw, 300px\" \/><\/a><\/figure><\/div>\n\n\n\n<p><br>Keystone Paralyzed Veterans of America es uno de los 33 cap\u00edtulos autorizados de Paralyzed Veterans of America en los Estados Unidos. El cap\u00edtulo fue fundado en 1960.<\/p>\n\n\n\n<p class=\"has-text-align-left\">Por lo general, las personas se sorprenden al saber que el gobierno de los Estados Unidos y el Departamento de Asuntos de Veteranos no cubren todas las necesidades de los veteranos, incluso aquellos que han sido discapacitados o paralizados. De hecho, muchos de esos servicios que <strong>est\u00e1n<\/strong> previsto <strong>no exist\u00eda hasta las organizaciones de servicios para veteranos, entre ellas la PVA<\/strong>, trabaj\u00f3 con el Congreso y el VA para implementar esos servicios. Y trabajamos todos los d\u00edas para tratar de mejorar esos servicios y satisfacer las necesidades cambiantes.<\/p>\n\n\n\n<p class=\"has-text-align-left\">The Paralyzed Veterans of America, fundada en 1946, es una organizaci\u00f3n de servicio para veteranos autorizada por el Congreso que ha desarrollado una experiencia \u00fanica en muchos temas relacionados con las necesidades especiales de sus miembros: veteranos de las fuerzas armadas que han sufrido lesiones o disfunciones de la m\u00e9dula espinal. (&quot;Autorizado por el Congreso&quot; significa que el Congreso estableci\u00f3 nuestros par\u00e1metros operativos. PVA y sus cap\u00edtulos reciben dinero del gobierno, \u00a1sus impuestos! A menos que realicemos un servicio bajo contrato. El cap\u00edtulo de Keystone no tiene tales contratos de servicio, y dependemos exclusivamente sobre donaciones no tributarias.)<\/p>\n\n\n\n<h3 class=\"wp-block-heading\">\u00bfQu\u00e9 hace el PVA?<\/h3>\n\n\n\n<p>El PVA utiliza esta experiencia para ser el principal defensor de:<\/p>\n\n\n\n<ul class=\"wp-block-list\"><li>Atenci\u00f3n m\u00e9dica de calidad para sus miembros,<\/li><li>Investigaci\u00f3n y educaci\u00f3n que abordan las lesiones y disfunciones de la m\u00e9dula espinal,<\/li><li>Beneficios disponibles como resultado del servicio militar de sus miembros,<\/li><li>Derechos civiles y oportunidades que maximizan la independencia de sus miembros.<\/li><\/ul>\n\n\n\n<p><strong><span class=\"style1\"><span style=\"color: #c80000;\">La misi\u00f3n del Keystone PVA<\/span><\/span><\/strong> es mejorar la calidad de vida de los veteranos paralizados mediante<\/p>\n\n\n\n<ul class=\"wp-block-list\"><li>Fomentar y apoyar la investigaci\u00f3n sobre lesiones y enfermedades de la m\u00e9dula espinal;<\/li><li>Mejorar el acceso a la atenci\u00f3n m\u00e9dica y otros beneficios para veteranos;<\/li><li>Ayudar en la expansi\u00f3n de oportunidades en deportes y recreaci\u00f3n en silla de ruedas; y<\/li><li>Abogar por los derechos de las personas con discapacidad, incluida la reducci\u00f3n y eliminaci\u00f3n de las barreras a la accesibilidad y la movilidad. <\/li><\/ul>\n\n\n\n<p>Una caracter\u00edstica notable de Keystone PVA es que su <strong>los miembros sirven a otros miembros. <\/strong> La Junta Directiva est\u00e1 compuesta \u00edntegramente por veteranos paralizados. Ellos y otros miembros de PVA se ponen en contacto con funcionarios p\u00fablicos para informarles de las necesidades de los veterinarios paralizados. Visitan a otros veteranos en los centros m\u00e9dicos de VA y en otras instalaciones m\u00e9dicas para tratar de obtener la mejor atenci\u00f3n disponible. Animan a sus compa\u00f1eros veterinarios a que se pongan activos y se involucren en actividades de la vida que quiz\u00e1s no hubieran sido posibles hace una generaci\u00f3n. usted<strong> \u00a1Puede ayudarlos ofreciendo su tiempo como voluntario!<\/strong> Comun\u00edquese con nuestra Coordinadora de Voluntarios, Agnes Strang, llamando a las oficinas de Keystone PVA, 800-775-9323 o 412-781-2474. <strong>\u00a1Puedes ayudar con tu apoyo financiero!<\/strong><br><br>Keystone Paralyzed Veterans of America es una organizaci\u00f3n sin fines de lucro que depende completamente de las contribuciones hechas por el p\u00fablico en general. Si est\u00e1 interesado en donar, comun\u00edquese con la oficina al 412-781-2474 o al 800-775-9323. Tambi\u00e9n puede enviar un fax al 412-781-2659 o <a href=\"mailto:keystoneparavets@gmail.com\"><strong><span class=\"style1\"><span style=\"color: #c80000;\"><span style=\"text-decoration: underline;\">Email<\/span><\/span><\/span><\/strong><\/a> la oficina. Sus donaciones son muy apreciadas por todos los miembros.  <a href=\"https:\/\/www.kpva.org\/es\/donations-page\/\"><span style=\"color: #c80000;\"><span style=\"text-decoration: underline;\">Haga clic aqu\u00ed para m\u00e1s informaci\u00f3n<\/span><\/span><\/a>. usted<strong> \u00a1Puede ayudar donando art\u00edculos para el hogar!<\/strong> <br><br>Keystone Paralyzed Veterans of America tiene un socio, American Thrift Center, que aceptar\u00e1 sus art\u00edculos dom\u00e9sticos poco usados. Sus donaciones ayudan a financiar los programas de Keystone PVA. <a href=\"https:\/\/www.kpva.org\/es\/donations-page\/\"><span style=\"color: #c80000;\"><span style=\"text-decoration: underline;\">Haga clic aqu\u00ed para m\u00e1s informaci\u00f3n<\/span><\/span><\/a>.<\/p>\n\n    <div class=\"xs_social_share_widget xs_share_url after_content \t\tmain_content  wslu-style-1 wslu-share-box-shaped wslu-fill-colored wslu-none wslu-share-horizontal wslu-theme-font-no wslu-main_content\">\n\n\t\t\n        <ul>\n\t\t\t        <\/ul>\n    <\/div>","protected":false},"excerpt":{"rendered":"<p>&nbsp;Bienvenido a Keystone Paralyzed Veterans of America Keystone Paralyzed Veterans of America es uno de los 33 cap\u00edtulos autorizados de Paralyzed Veterans of America en los Estados Unidos.\u2026&nbsp;<a href=\"http:\/\/www.kpva.org\/es\/aboutus\/\" rel=\"bookmark\">Leer m\u00e1s \u00bb<span class=\"screen-reader-text\">Sobre nosotros<\/span><\/a><\/p>","protected":false},"author":10,"featured_media":0,"parent":0,"menu_order":0,"comment_status":"closed","ping_status":"closed","template":"","meta":{"give_campaign_id":0,"om_disable_all_campaigns":false,"_exactmetrics_skip_tracking":false,"_exactmetrics_sitenote_active":false,"_exactmetrics_sitenote_note":"","_exactmetrics_sitenote_category":0,"_monsterinsights_skip_tracking":false,"_monsterinsights_sitenote_active":false,"_monsterinsights_sitenote_note":"","_monsterinsights_sitenote_category":0,"neve_meta_sidebar":"","neve_meta_container":"","neve_meta_enable_content_width":"","neve_meta_content_width":0,"neve_meta_title_alignment":"","neve_meta_author_avatar":"","neve_post_elements_order":"","neve_meta_disable_header":"","neve_meta_disable_footer":"","neve_meta_disable_title":"","_EventAllDay":false,"_EventTimezone":"","_EventStartDate":"","_EventEndDate":"","_EventStartDateUTC":"","_EventEndDateUTC":"","_EventShowMap":false,"_EventShowMapLink":false,"_EventURL":"","_EventCost":"","_EventCostDescription":"","_EventCurrencySymbol":"","_EventCurrencyCode":"","_EventCurrencyPosition":"","_EventDateTimeSeparator":"","_EventTimeRangeSeparator":"","_EventOrganizerID":[],"_EventVenueID":[],"_OrganizerEmail":"","_OrganizerPhone":"","_OrganizerWebsite":"","_VenueAddress":"","_VenueCity":"","_VenueCountry":"","_VenueProvince":"","_VenueState":"","_VenueZip":"","_VenuePhone":"","_VenueURL":"","_VenueStateProvince":"","_VenueLat":"","_VenueLng":"","_VenueShowMap":false,"_VenueShowMapLink":false,"_themeisle_gutenberg_block_has_review":false,"footnotes":""},"class_list":["post-6","page","type-page","status-publish","hentry"],"aioseo_notices":[],"campaignId":"","_links":{"self":[{"href":"http:\/\/www.kpva.org\/es\/wp-json\/wp\/v2\/pages\/6","targetHints":{"allow":["GET"]}}],"collection":[{"href":"http:\/\/www.kpva.org\/es\/wp-json\/wp\/v2\/pages"}],"about":[{"href":"http:\/\/www.kpva.org\/es\/wp-json\/wp\/v2\/types\/page"}],"author":[{"embeddable":true,"href":"http:\/\/www.kpva.org\/es\/wp-json\/wp\/v2\/users\/10"}],"replies":[{"embeddable":true,"href":"http:\/\/www.kpva.org\/es\/wp-json\/wp\/v2\/comments?post=6"}],"version-history":[{"count":0,"href":"http:\/\/www.kpva.org\/es\/wp-json\/wp\/v2\/pages\/6\/revisions"}],"wp:attachment":[{"href":"http:\/\/www.kpva.org\/es\/wp-json\/wp\/v2\/media?parent=6"}],"curies":[{"name":"gracias","href":"https:\/\/api.w.org\/{rel}","templated":true}]}}