{"id":10,"date":"2015-10-15T01:16:19","date_gmt":"2015-10-15T05:16:19","guid":{"rendered":"http:\/\/kpva.org\/?page_id=10"},"modified":"2026-02-07T15:18:38","modified_gmt":"2026-02-07T20:18:38","slug":"donations-page","status":"publish","type":"page","link":"https:\/\/www.kpva.org\/es\/donations-page\/","title":{"rendered":"Apoyo a las donaciones ..."},"content":{"rendered":"<p>Veteranos paralizados de Keystone ahora participa en RUEDAS QUE AYUDAN A GUERREROS.<\/p>\n\n\n\n<figure class=\"wp-block-image is-resized is-style-default\"><a href=\"https:\/\/kpva.org\/wp-content\/uploads\/2015\/10\/PVA-WHW-ThankYouLetter-PrintAd-712x475.jpg\" rel=\"attachment wp-att-981\"><img fetchpriority=\"high\" decoding=\"async\" width=\"300\" height=\"200\" src=\"https:\/\/kpva.org\/wp-content\/uploads\/2015\/10\/PVA-WHW-ThankYouLetter-PrintAd-712x475-300x200.jpg\" alt=\"PVA-WHW-ThankYouLetter-PrintAd-712x475\" class=\"wp-image-981\" style=\"width:522px;height:348px\" srcset=\"https:\/\/www.kpva.org\/wp-content\/uploads\/2015\/10\/PVA-WHW-ThankYouLetter-PrintAd-712x475-300x200.jpg 300w, https:\/\/www.kpva.org\/wp-content\/uploads\/2015\/10\/PVA-WHW-ThankYouLetter-PrintAd-712x475-768x512.jpg 768w, https:\/\/www.kpva.org\/wp-content\/uploads\/2015\/10\/PVA-WHW-ThankYouLetter-PrintAd-712x475-1024x683.jpg 1024w, https:\/\/www.kpva.org\/wp-content\/uploads\/2015\/10\/PVA-WHW-ThankYouLetter-PrintAd-712x475.jpg 1068w\" sizes=\"(max-width: 300px) 100vw, 300px\" \/><\/a><\/figure>\n\n\n\n<p><strong>\u00a1Tambi\u00e9n, un gran agradecimiento a CARS FOR VETERANS por una importante donaci\u00f3n para apoyar nuestros programas para veteranos paralizados por CUARTO a\u00f1o!<\/strong><\/p>\n\n\n\n<p class=\"has-text-align-center\"><strong>Tenemos una forma nueva y f\u00e1cil de donar en l\u00ednea:<\/strong><\/p>\n\n\n\n<p><a rel=\"noopener\" href=\"https:\/\/npo.justgive.org\/nonprofits\/donate.jsp?ein=25-1291634\" target=\"_blank\"><img decoding=\"async\" class=\"alignleft\" src=\"https:\/\/npo.justgive.org\/images\/donate_now170x65.jpg\" alt=\"\"><\/a>JustGive.org puede aceptar su donaci\u00f3n para Veteranos Paralizados de Keystone en l\u00ednea con un m\u00ednimo de problemas, adem\u00e1s de una opci\u00f3n para permanecer en el anonimato o incluir su informaci\u00f3n de contacto para que podamos agradecerle personalmente y mostrarle c\u00f3mo est\u00e1 funcionando su apoyo para los veteranos paralizados hoy.<\/p>\n\n\n\n<div style=\"height:22px\" aria-hidden=\"true\" class=\"wp-block-spacer\"><\/div>\n\n\n\n<p class=\"has-text-align-center\">C\u00d3MO APOYAR A LOS VETERINARIOS PARALIZADOS<\/p>\n\n\n\n<p class=\"has-text-align-center\"><i>(Despl\u00e1cese hacia abajo para averiguar por qu\u00e9 no aceptamos sillas de ruedas y otros equipos)<\/i><\/p>\n\n\n\n<h1 class=\"wp-block-heading\" id=\"donate-time\">Donar TIEMPO<\/h1>\n\n\n\n<p>Keystone PVA puede beneficiarse de su tiempo, ya sea para trabajar en el montaje de las bolsas de Pascua para veterinarios hospitalizados o para trabajar como voluntario en uno de los hospitales de veteranos en Altoona, Butler, Erie, L\u00edbano o Pittsburgh (y estamos buscando personas en el \u00e1rea de Scranton \/ Wilkes-Barre). \u00bfQuieres saber m\u00e1s? Comun\u00edquese con la coordinadora de voluntarios Agnes Strang, 724-745-1861.<\/p>\n\n\n\n<h1 class=\"wp-block-heading\" id=\"donate-money\">Donar dinero<\/h1>\n\n\n\n<p>Podemos hacer que su donaci\u00f3n de dinero sea de gran utilidad, especialmente si dona directamente con un cheque a nombre de &quot;Keystone Paralyzed Veterans of America&quot; o &quot;Keystone PVA&quot; y enviado por correo a Keystone PVA, 1113 Main Street, Pittsburgh, PA 15215- 2407.<\/p>\n\n\n\n<p>Puedes hacer una donaci\u00f3n con tarjeta de cr\u00e9dito yendo a <strong>GreatNonprofits.org<\/strong>. <a href=\"http:\/\/greatnonprofits.org\/reviews\/profile2\/keystone-paralyzed-veterans-of-america\" target=\"_blank\" rel=\"noopener nofollow\"><strong>haga clic aqu\u00ed<\/strong><\/a> para ir a la p\u00e1gina de Keystone PVA en GreatNonprofits.org.<\/p>\n\n\n\n<p>(\u00a1Tambi\u00e9n puede donar su opini\u00f3n! Cerca de la parte superior de la p\u00e1gina de Keystone PVA en GreatNonprofits.org est\u00e1 el bot\u00f3n &quot;Escribir una rese\u00f1a&quot;. Haga clic all\u00ed y ofrezca sus opiniones sobre nosotros. Por supuesto, tambi\u00e9n agradecer\u00edamos escuchar esas opiniones directamente de usted, por tel\u00e9fono, servicio postal o correo electr\u00f3nico.<a href=\"mailto:keystoneparavets@gmail.com\" target=\"_blank\" rel=\"noopener\"><strong>keystonepva@comcast.net<\/strong> .)<\/a><\/p>\n\n\n\n<p>Estaremos encantados de aplicar cualquier cantidad que desee contribuir a los programas de Keystone Paralyzed Veterans of America. Y estaremos muy agradecidos por su apoyo.<\/p>\n\n\n\n<p>Tenemos tres necesidades espec\u00edficas en este momento: 1) Apoyo para la asistencia de nuestros atletas en silla de ruedas a los 38\u00ba Juegos Nacionales en Silla de Ruedas para Veteranos anuales en Orlando, Florida en el verano de 2018 (costo por atleta: $2,500); 2) Apoyo para la mejora de nuestra peque\u00f1a sala de almacenamiento en un garaje para nuestra minivan adaptada para sillas de ruedas (costo estimado: $30,000); y apoyo para nuestros programas para veteranos hospitalizados, incluido el Proyecto Easter Bag (costo total del programa: $15,000 \/ a\u00f1o).<\/p>\n\n\n\n<h1 class=\"wp-block-heading\" id=\"to-give\">Dar<\/h1>\n\n\n<div class='root-data-givewp-embed' data-form-locale='es_MX' data-form-url='https:\/\/www.kpva.org\/?post_type=give_forms&#038;p=16482' data-form-view-url='https:\/\/www.kpva.org\/es\/?givewp-route=donation-form-view&form-id=16482' data-src='https:\/\/www.kpva.org\/es\/?givewp-route=donation-form-view&form-id=16482' data-givewp-embed-id='give-form-shortcode-1' data-form-format='' data-open-form-button='Donate now' style='--givewp-primary-color: #28C77B; --givewp-secondary-color: #f49420;'><\/div>\n\n\n\n<h1 class=\"wp-block-heading\" id=\"donate-services\">Donar SERVICIOS<\/h1>\n\n\n\n<p>De vez en cuando, Keystone PVA necesita servicios profesionales: legales, financieros o mantenimiento menor, por nombrar algunos. En este momento, necesitamos actualizar nuestro servicio el\u00e9ctrico en nuestra sala de fotocopias y nuestra cocina. No es un gran trabajo, pero facilitar\u00eda el trabajo del cap\u00edtulo.<\/p>\n\n\n\n<h1 class=\"wp-block-heading\" id=\"donate-goods\">Donar BIENES<\/h1>\n\n\n\n<p>los <strong>la mejor manera<\/strong> puede donar bienes a trav\u00e9s de nuestro socio, <a href=\"https:\/\/american-thrift-center.hub.biz\/\" target=\"_blank\" rel=\"noreferrer noopener\"><strong>American Thrift Center<\/strong><\/a>, con sede en West Mifflin, Pensilvania, y que presta servicios en la regi\u00f3n de Pittsburgh. Cientos de cajas de donaciones se encuentran en la regi\u00f3n de Pittsburgh. Si tiene que recoger art\u00edculos m\u00e1s grandes, llame a American Thrift al <strong>412-469-9665<\/strong>.<\/p>\n\n\n\n<p>De vez en cuando necesitamos muebles, equipos de oficina de modelo reciente (incluidas computadoras) y software. Estaremos encantados de considerar las ofertas.<\/p>\n\n\n\n<p><strong>\u00bfPor qu\u00e9 no aceptamos sillas de ruedas?<\/strong><br>El edificio de nuestra sede en Sharpsburg, Pensilvania, tiene mucho espacio para muchas cosas, pero no las muchas ofertas de equipos, incluidas sillas de ruedas, que recibimos. Adem\u00e1s, est\u00e1 la cuesti\u00f3n del transporte, especialmente si la recogida y posterior entrega se realiza a cierta distancia de nuestro edificio.<\/p>\n\n\n\n<p>Pero podemos enumerarlos en nuestro bolet\u00edn bimensual. Si los est\u00e1 donando, podemos enumerar sus art\u00edculos donados sin cargo. Al colocar una foto del art\u00edculo con su informaci\u00f3n de contacto, los posibles donantes pueden tener una mejor idea de lo que se ofrece y hasta d\u00f3nde ellos (\u00a1o usted!) Podr\u00edan tener que llegar para conseguirlo. <strong>Colocaremos el listado gratis si es una donaci\u00f3n<\/strong>.<\/p>\n\n\n\n<p>Si desea cobrar por los art\u00edculos, nuestras tarifas publicitarias son bastante razonables. <a href=\"https:\/\/www.kpva.org\/es\/\"><strong>haga clic aqu\u00ed<\/strong><\/a> y despl\u00e1cese hacia abajo para encontrar copias recientes de nuestro bolet\u00edn informativo, The Parascope, con las tarifas de anuncios que se enumeran dentro.<\/p>\n\n\n\n<h2 class=\"wp-block-heading\" id=\"to-donate-scrap-metal-call-project-salvage-usa-412-443-5581email-support-psusa-org-web-www-psusa-org\"><span style=\"color: #ff0000;\">Para donar chatarra<\/span>: Llama <strong>Proyecto Salvage USA, 412-443-5581<\/strong><br style=\"color: #000000; text-transform: none; text-indent: 0px; letter-spacing: normal; font-family: 'Helvetica Neue', Helvetica, Arial, sans-serif; font-size: 13px; font-style: normal; font-weight: 400; word-spacing: 0px; white-space: normal; orphans: 2; widows: 2; background-color: #ffffff; font-variant-ligatures: normal; font-variant-caps: normal; -webkit-text-stroke-width: 0px; text-decoration-style: initial; text-decoration-color: initial;\"><span style=\"color: #000000; text-transform: none; text-indent: 0px; letter-spacing: normal; font-family: 'Helvetica Neue', Helvetica, Arial, sans-serif; font-size: 13px; font-style: normal; font-weight: 400; word-spacing: 0px; float: none; display: inline !important; white-space: normal; orphans: 2; widows: 2; background-color: #ffffff; font-variant-ligatures: normal; font-variant-caps: normal; -webkit-text-stroke-width: 0px; text-decoration-style: initial; text-decoration-color: initial;\">Correo electr\u00f3nico;&nbsp;<\/span><a class=\"mailto-link\" style=\"color: #007dbc; text-transform: none; text-indent: 0px; letter-spacing: normal; font-family: 'Helvetica Neue', Helvetica, Arial, sans-serif; font-size: 13px; font-style: normal; font-weight: 400; text-decoration: underline; word-spacing: 0px; white-space: normal; orphans: 2; widows: 2; background-color: #ffffff; font-variant-ligatures: normal; font-variant-caps: normal; -webkit-text-stroke-width: 0px;\" href=\"mailto:support@psusa.org\" target=\"_blank\" rel=\"noopener\">support@psusa.org<\/a>&nbsp;&nbsp;&nbsp;&nbsp;&nbsp;&nbsp;&nbsp;&nbsp;&nbsp; <span style=\"color: #000000; text-transform: none; text-indent: 0px; letter-spacing: normal; font-family: 'Helvetica Neue', Helvetica, Arial, sans-serif; font-size: 13px; font-style: normal; font-weight: 400; word-spacing: 0px; float: none; display: inline !important; white-space: normal; orphans: 2; widows: 2; background-color: #ffffff; font-variant-ligatures: normal; font-variant-caps: normal; -webkit-text-stroke-width: 0px; text-decoration-style: initial; text-decoration-color: initial;\">Web:&nbsp;<\/span><a style=\"color: #007dbc; text-transform: none; text-indent: 0px; letter-spacing: normal; font-family: 'Helvetica Neue', Helvetica, Arial, sans-serif; font-size: 13px; font-style: normal; font-weight: 400; text-decoration: underline; word-spacing: 0px; white-space: normal; orphans: 2; widows: 2; background-color: #ffffff; font-variant-ligatures: normal; font-variant-caps: normal; -webkit-text-stroke-width: 0px;\" href=\"http:\/\/www.psusa.org\/\" target=\"_blank\" rel=\"noopener\">www.psusa.org<\/a><\/h2>\n\n\n\n<h1 class=\"wp-block-heading\" id=\"some-additional-information\">Alguna informaci\u00f3n adicional<\/h1>\n\n\n\n<p>Para operar como una organizaci\u00f3n ben\u00e9fica sin fines de lucro leg\u00edtima, Keystone PVA debe cumplir con los est\u00e1ndares de nuestra organizaci\u00f3n matriz, la <a href=\"http:\/\/www.pva.org\/\" target=\"_blank\" rel=\"noopener\"><strong>Veteranos paralizados de Am\u00e9rica<\/strong><\/a>, que requiere una auditor\u00eda anual realizada por un tercero independiente. Keystone PVA debe informar anualmente sus finanzas al Servicio de Impuestos Internos de los EE. UU., Que debe cumplir con los est\u00e1ndares de la Secci\u00f3n 501 (C) (3) del C\u00f3digo del IRS. Keystone PVA presenta un Formulario 990 anualmente ante el IRS. Keystone PVA tambi\u00e9n est\u00e1 registrada en la Oficina de Organizaciones Caritativas en el Departamento de Estado de la Commonwealth de Pensilvania, e informa anualmente y paga una tarifa de registro a esa agencia.<\/p>\n\n\n\n<p>Al considerar las organizaciones ben\u00e9ficas y otras organizaciones sin fines de lucro, es posible que desee consultar <a href=\"http:\/\/www.guidestar.org\/\" target=\"_blank\" rel=\"noopener nofollow\"><strong>GuideStar.org<\/strong><\/a>, que tiene informaci\u00f3n, incluidos los Formularios 990 del IRS presentados m\u00e1s recientemente, sobre casi dos millones de organizaciones sin fines de lucro. Tambi\u00e9n considere el sitio web de la <a href=\"http:\/\/www.bbb.org\/\" target=\"_blank\" rel=\"noopener\"><strong>Better Business Bureau<\/strong><\/a>.<\/p>\n\n\n\n<p>Es nuestra pol\u00edtica dar seguimiento a cualquier donaci\u00f3n con un reconocimiento por escrito de sus registros fiscales. Su donaci\u00f3n es deducible de impuestos para prop\u00f3sitos de impuestos federales si detalla sus donaciones. Dependiendo del estado en el que presente su impuesto estatal sobre la renta y el m\u00e9todo por el cual lo haga, su donaci\u00f3n puede ser deducible de impuestos para prop\u00f3sitos de impuestos estatales.<\/p>\n\n\n\n<p><strong>\u00bfCu\u00e1nto agradecemos su generosidad?<\/strong><br>Apreciamos cada centavo, y realmente no se necesita mucho para servir a los veteranos paralizados de Pensilvania. Si solo uno de cada 120 residentes de Pensilvania donara $3 cada a\u00f1o, \u00a1podr\u00edamos hacer el trabajo!<\/p>\n\n\n\n<p>Pero el mejor tipo de generosidad es la no solicitada. <strong>\u00a1La recaudaci\u00f3n de fondos es muy cara!<\/strong> Los costos de la recaudaci\u00f3n de fondos se malinterpretan en gran medida. No es inusual que la recaudaci\u00f3n de fondos activa cueste un gran porcentaje del dinero recaudado. Al mismo tiempo, una organizaci\u00f3n ben\u00e9fica tiene que comunicarse, y la extensi\u00f3n (llamar por tel\u00e9fono, enviar correo, incluso organizar campa\u00f1as a trav\u00e9s de las redes sociales) no es ni siquiera gratis. Es bueno tener voluntarios, pero la recaudaci\u00f3n de fondos es un trabajo calificado y la capacitaci\u00f3n tambi\u00e9n cuesta dinero.<\/p>\n\n    <div class=\"xs_social_share_widget xs_share_url after_content \t\tmain_content  wslu-style-1 wslu-share-box-shaped wslu-fill-colored wslu-none wslu-share-horizontal wslu-theme-font-no wslu-main_content\">\n\n\t\t\n        <ul>\n\t\t\t        <\/ul>\n    <\/div>","protected":false},"excerpt":{"rendered":"<p>Keystone Paralyzed Veterans ahora participa en WHEELS HELPING WARRIORS. Adem\u00e1s, un gran agradecimiento a CARS FOR VETERANS por una importante donaci\u00f3n que apoya nuestros programas para veteranos paralizados por el CUARTO...&nbsp;<a href=\"https:\/\/www.kpva.org\/es\/donations-page\/\" rel=\"bookmark\">Leer m\u00e1s \u00bb<span class=\"screen-reader-text\">Apoyo a las donaciones ...<\/span><\/a><\/p>","protected":false},"author":10,"featured_media":1752,"parent":0,"menu_order":0,"comment_status":"closed","ping_status":"closed","template":"","meta":{"give_campaign_id":0,"om_disable_all_campaigns":false,"_exactmetrics_skip_tracking":false,"_exactmetrics_sitenote_active":false,"_exactmetrics_sitenote_note":"","_exactmetrics_sitenote_category":0,"_monsterinsights_skip_tracking":false,"_monsterinsights_sitenote_active":false,"_monsterinsights_sitenote_note":"","_monsterinsights_sitenote_category":0,"neve_meta_sidebar":"left","neve_meta_container":"","neve_meta_enable_content_width":"","neve_meta_content_width":0,"neve_meta_title_alignment":"","neve_meta_author_avatar":"","neve_post_elements_order":"","neve_meta_disable_header":"","neve_meta_disable_footer":"","neve_meta_disable_title":"off","_EventAllDay":false,"_EventTimezone":"","_EventStartDate":"","_EventEndDate":"","_EventStartDateUTC":"","_EventEndDateUTC":"","_EventShowMap":false,"_EventShowMapLink":false,"_EventURL":"","_EventCost":"","_EventCostDescription":"","_EventCurrencySymbol":"","_EventCurrencyCode":"","_EventCurrencyPosition":"","_EventDateTimeSeparator":"","_EventTimeRangeSeparator":"","_EventOrganizerID":[],"_EventVenueID":[],"_OrganizerEmail":"","_OrganizerPhone":"","_OrganizerWebsite":"","_VenueAddress":"","_VenueCity":"","_VenueCountry":"","_VenueProvince":"","_VenueState":"","_VenueZip":"","_VenuePhone":"","_VenueURL":"","_VenueStateProvince":"","_VenueLat":"","_VenueLng":"","_VenueShowMap":false,"_VenueShowMapLink":false,"_themeisle_gutenberg_block_has_review":false,"footnotes":""},"class_list":["post-10","page","type-page","status-publish","has-post-thumbnail","hentry"],"aioseo_notices":[],"campaignId":"","_links":{"self":[{"href":"https:\/\/www.kpva.org\/es\/wp-json\/wp\/v2\/pages\/10","targetHints":{"allow":["GET"]}}],"collection":[{"href":"https:\/\/www.kpva.org\/es\/wp-json\/wp\/v2\/pages"}],"about":[{"href":"https:\/\/www.kpva.org\/es\/wp-json\/wp\/v2\/types\/page"}],"author":[{"embeddable":true,"href":"https:\/\/www.kpva.org\/es\/wp-json\/wp\/v2\/users\/10"}],"replies":[{"embeddable":true,"href":"https:\/\/www.kpva.org\/es\/wp-json\/wp\/v2\/comments?post=10"}],"version-history":[{"count":1,"href":"https:\/\/www.kpva.org\/es\/wp-json\/wp\/v2\/pages\/10\/revisions"}],"predecessor-version":[{"id":16488,"href":"https:\/\/www.kpva.org\/es\/wp-json\/wp\/v2\/pages\/10\/revisions\/16488"}],"wp:featuredmedia":[{"embeddable":true,"href":"https:\/\/www.kpva.org\/es\/wp-json\/wp\/v2\/media\/1752"}],"wp:attachment":[{"href":"https:\/\/www.kpva.org\/es\/wp-json\/wp\/v2\/media?parent=10"}],"curies":[{"name":"gracias","href":"https:\/\/api.w.org\/{rel}","templated":true}]}}