{"id":12,"date":"2015-10-15T01:16:35","date_gmt":"2015-10-15T01:16:35","guid":{"rendered":"http:\/\/kpva.org\/?page_id=12"},"modified":"2021-06-12T23:35:02","modified_gmt":"2021-06-12T23:35:02","slug":"index","status":"publish","type":"page","link":"https:\/\/www.kpva.org\/es\/index\/","title":{"rendered":"\u00a1Bienvenidos!"},"content":{"rendered":"<h1>marca tu calendario<\/h1>\n<p><em>Los siguientes eventos son para 2019. Para m\u00e1s informaci\u00f3n, registrarse o patrocinar:<\/em> llama al 800-775-9323 o al 412-781-2474.<\/p>\n<p>S\u00e1bado,&nbsp;<strong> 09 febrero<\/strong>: <strong>Reuni\u00f3n de membres\u00eda<\/strong>, tres ubicaciones: The Heinz Campus, Building 51, Room 1A109, del VA Pittsburgh Healthcare System, 1010 Delafield Road, Pittsburgh PA 15215; Centro m\u00e9dico Erie VA, 135 E. 38th Street, Erie PA 16504; y el VAMC de L\u00edbano, 1700 Lincoln Avenue, L\u00edbano PA 17042. Almuerzo a las 12 del mediod\u00eda; reuni\u00f3n de 12:45 a 2 pm \u00a1Llame a la oficina para registrarse para que tengamos suficiente comida! N\u00fameros de oficina: 800-775-9323 o 412-781-2474. Los miembros pueden llamar directamente desde otros lugares, pero no obtendr\u00e1n puntos de salud y recreaci\u00f3n.<\/p>\n<p>S\u00e1bado, <strong>16 de marzo <\/strong>y Domingo,<strong> 17 de marzo<\/strong>: <strong>Seminario y competencia de rifle de aire<\/strong>, HealthSouth Harmarville, 320 Guys Run Road, Pittsburgh PA 15238. Organizado por VA Pittsburgh Healthcare System con la asistencia de Keystone PVA. Llama a la oficina al 800-775-9323 o al 412-781-2474 y te pondremos en contacto con los organizadores.<\/p>\n<p>S\u00e1bado, <strong>13 de abril<\/strong>:&nbsp;<strong>Reuni\u00f3n de membres\u00eda<\/strong> en el Centro M\u00e9dico James E. Van Zandt VA, 2907 Pleasant Valley Road, Altoona PA 16602; Centro m\u00e9dico Erie VA, 135 E. 38th Street, Erie PA 16504; y el VAMC de L\u00edbano, 1700 Lincoln Avenue, L\u00edbano PA 17042. Almuerzo a las 12 del mediod\u00eda; reuni\u00f3n de 12:45 a 2 pm \u00a1Llame a la oficina para registrarse para que tengamos suficiente comida! 800-775-9323 o 412-781-2474.<\/p>\n<p><strong><span style=\"color: #cc0000;\">\u00bfNecesita comprobar otros eventos en los que participa el cap\u00edtulo?<\/span><\/strong><br><a rel=\"nofollow\" href=\"https:\/\/www.kpva.org\/es\/events.html\/\">Haga clic aqu\u00ed para ir a la <strong>Eventos<\/strong> p\u00e1gina para detalles<\/a>.<\/p>\n<h2>INFORME ANUAL, BOLETINES DISPONIBLES EN L\u00cdNEA<\/h2>\n<p><strong>FECHA L\u00cdMITE para el pr\u00f3ximo n\u00famero de The Parascope<\/strong><br><i>La fecha l\u00edmite para todas las presentaciones para la edici\u00f3n de enero-febrero de 2019 de The Parascope es el 17 de diciembre. Gracias a Bill y Jean Jakovac y Shirley Wheaton, quienes marcaron y etiquetaron las copias para enviar por correo, a Beth Carmona, quien mantiene la lista de correo e imprime una nueva antes de enviarla, y a Diane Byrnes, quien no solo recopila la mayor\u00eda de los informes de rutina y se asegura de que est\u00e9n en condiciones editables electr\u00f3nicamente, ensambla el correo masivo para el Servicio Postal de EE. UU., \u00a1una tarea complicada! <\/i><\/p>\n<p>Despl\u00e1cese hacia abajo para ver las versiones electr\u00f3nicas pasadas recientes de The Parascope. <strong>Se le pueden enviar ediciones m\u00e1s recientes por correo electr\u00f3nico; llamanos<\/strong>. Nuestros n\u00fameros de tel\u00e9fono son 412-781-2474 y 800-775-9323. &nbsp;<strong>\u00bfDetecta un error?<\/strong> Nos gustar\u00eda saber si lo hace.<\/p>\n<p>Las publicaciones recientes de Keystone PVA ya est\u00e1n disponibles en l\u00ednea. <strong>Si actualmente recibe The Parascope por USPS (correo regular entregado) y desea recibirlo electr\u00f3nicamente, env\u00edenos un <a href=\"mailto:keystoneparavets@gmail.com\"> Email<\/a> o llame a la oficina.<\/strong><\/p>\n<p>Si tiene Adobe Acrobat o Adobe Reader en su computadora, podr\u00e1 ver e imprimir publicaciones como nuestro Informe anual y el bolet\u00edn bimensual, The Parascope.<\/p>\n<p><img decoding=\"async\" src=\"https:\/\/kpva.org\/reader_icon.gif\" alt=\"Adobe Reader\" width=\"44\" height=\"44\"> Obtenga Acrobat Reader de Adobe sin cargo haciendo clic en este enlace: <strong><a href=\"http:\/\/www.adobe.com\/products\/acrobat\/readstep2.html\" target=\"_blank\" rel=\"noopener noreferrer\"> http:\/\/www.adobe.com\/products\/acrobat\/readstep2.html<\/a><\/strong>.<\/p>\n<p style=\"text-align: center;\">\n<\/p><p style=\"text-align: center;\"><strong><a href=\"https:\/\/kpva.org\/wp-content\/uploads\/2016\/02\/AnnualReport2015.pdf\">Informe anual 2015<\/a><\/strong>&nbsp;(Tama\u00f1o del archivo: (1,37 MB)<\/p>\n<p style=\"text-align: center;\"><strong><a href=\"https:\/\/kpva.org\/wp-content\/uploads\/2016\/02\/AnnualReport2014woimprint.pdf\">Informe anual 2014<\/a>&nbsp;<\/strong>(Tama\u00f1o del archivo: 1,6 MB)<\/p>\n<p style=\"text-align: center;\">Copias de <strong>El parascopio<\/strong> actualmente disponible en l\u00ednea:<\/p>\n<p style=\"text-align: center;\"><a rel=\"nofollow\" href=\"https:\/\/www.kpva.org\/es\/SO14.pdf\/\"><strong>Septiembre-octubre de 2014<\/strong><\/a> (Tama\u00f1o de archivo: 4,68 MB)<br><a rel=\"nofollow\" href=\"https:\/\/www.kpva.org\/es\/JA14.pdf\/\"><strong>Julio-agosto de 2014<\/strong><\/a> (Tama\u00f1o de archivo: 4.66MB)<br><a rel=\"nofollow\" href=\"https:\/\/www.kpva.org\/es\/ParascopeMayJun2014.pdf\/\"><strong>Mayo-junio de 2014<\/strong><\/a> (Tama\u00f1o de archivo: 4,00 MB)<br><a rel=\"nofollow\" href=\"https:\/\/www.kpva.org\/es\/ParascopeMarApr2014.pdf\/\"><strong>Marzo-abril de 2014<\/strong><\/a> (Tama\u00f1o de archivo: 3.61MB)<br><a rel=\"nofollow\" href=\"https:\/\/www.kpva.org\/es\/ParascopeJF14.pdf\/\"><strong>Enero-febrero de 2014<\/strong><\/a> (Tama\u00f1o de archivo: 3,50 MB)<\/p>\n<p style=\"text-align: center;\"><a href=\"https:\/\/www.kpva.org\/es\/mj11canon.pdf\/\" target=\"_blank\" rel=\"noopener noreferrer nofollow\"><strong>Puede DESCARGAR e IMPRIMIR estas publicaciones.<\/strong> <\/a><\/p>\n<p><a href=\"https:\/\/www.kpva.org\/es\/mj11canon.pdf\/\" target=\"_blank\" rel=\"noopener noreferrer nofollow\"> Si desea que le enviemos una copia impresa de los enumerados anteriormente, o si desea una copia de un n\u00famero de a\u00f1os anteriores, ll\u00e1menos al 800-775-9323 o al 412-781-2474. Le enviaremos uno por correo.<\/a><\/p>\n\n\n<p><\/p>\n\n    <div class=\"xs_social_share_widget xs_share_url after_content \t\tmain_content  wslu-style-1 wslu-share-box-shaped wslu-fill-colored wslu-none wslu-share-horizontal wslu-theme-font-no wslu-main_content\">\n\n\t\t\n        <ul>\n\t\t\t        <\/ul>\n    <\/div>","protected":false},"excerpt":{"rendered":"<p>Marque su calendario Los siguientes eventos son para 2019. Para obtener m\u00e1s informaci\u00f3n, registrarse o patrocinar: llame al 800-775-9323 o al 412-781-2474. S\u00e1bado, 09 de febrero: Reuni\u00f3n de miembros, tres ubicaciones: The Heinz\u2026&nbsp;<a href=\"https:\/\/www.kpva.org\/es\/index\/\" rel=\"bookmark\">Leer m\u00e1s \u00bb<span class=\"screen-reader-text\">\u00a1Bienvenidos!<\/span><\/a><\/p>","protected":false},"author":10,"featured_media":0,"parent":0,"menu_order":0,"comment_status":"closed","ping_status":"closed","template":"","meta":{"give_campaign_id":0,"om_disable_all_campaigns":false,"_exactmetrics_skip_tracking":false,"_exactmetrics_sitenote_active":false,"_exactmetrics_sitenote_note":"","_exactmetrics_sitenote_category":0,"_monsterinsights_skip_tracking":false,"_monsterinsights_sitenote_active":false,"_monsterinsights_sitenote_note":"","_monsterinsights_sitenote_category":0,"neve_meta_sidebar":"","neve_meta_container":"","neve_meta_enable_content_width":"","neve_meta_content_width":0,"neve_meta_title_alignment":"","neve_meta_author_avatar":"","neve_post_elements_order":"","neve_meta_disable_header":"","neve_meta_disable_footer":"","neve_meta_disable_title":"","_EventAllDay":false,"_EventTimezone":"","_EventStartDate":"","_EventEndDate":"","_EventStartDateUTC":"","_EventEndDateUTC":"","_EventShowMap":false,"_EventShowMapLink":false,"_EventURL":"","_EventCost":"","_EventCostDescription":"","_EventCurrencySymbol":"","_EventCurrencyCode":"","_EventCurrencyPosition":"","_EventDateTimeSeparator":"","_EventTimeRangeSeparator":"","_EventOrganizerID":[],"_EventVenueID":[],"_OrganizerEmail":"","_OrganizerPhone":"","_OrganizerWebsite":"","_VenueAddress":"","_VenueCity":"","_VenueCountry":"","_VenueProvince":"","_VenueState":"","_VenueZip":"","_VenuePhone":"","_VenueURL":"","_VenueStateProvince":"","_VenueLat":"","_VenueLng":"","_VenueShowMap":false,"_VenueShowMapLink":false,"_themeisle_gutenberg_block_has_review":false,"footnotes":""},"class_list":["post-12","page","type-page","status-publish","hentry"],"aioseo_notices":[],"campaignId":"","_links":{"self":[{"href":"https:\/\/www.kpva.org\/es\/wp-json\/wp\/v2\/pages\/12","targetHints":{"allow":["GET"]}}],"collection":[{"href":"https:\/\/www.kpva.org\/es\/wp-json\/wp\/v2\/pages"}],"about":[{"href":"https:\/\/www.kpva.org\/es\/wp-json\/wp\/v2\/types\/page"}],"author":[{"embeddable":true,"href":"https:\/\/www.kpva.org\/es\/wp-json\/wp\/v2\/users\/10"}],"replies":[{"embeddable":true,"href":"https:\/\/www.kpva.org\/es\/wp-json\/wp\/v2\/comments?post=12"}],"version-history":[{"count":0,"href":"https:\/\/www.kpva.org\/es\/wp-json\/wp\/v2\/pages\/12\/revisions"}],"wp:attachment":[{"href":"https:\/\/www.kpva.org\/es\/wp-json\/wp\/v2\/media?parent=12"}],"curies":[{"name":"gracias","href":"https:\/\/api.w.org\/{rel}","templated":true}]}}