{"id":14,"date":"2015-10-15T01:16:52","date_gmt":"2015-10-15T01:16:52","guid":{"rendered":"http:\/\/kpva.org\/?page_id=14"},"modified":"2021-06-14T10:51:00","modified_gmt":"2021-06-14T10:51:00","slug":"national-pva","status":"publish","type":"page","link":"https:\/\/www.kpva.org\/es\/national-pva\/","title":{"rendered":"Las oficinas nacionales de los Veteranos Paralizados"},"content":{"rendered":"<p>El Cap\u00edtulo Keystone de los Veteranos Paralizados de Am\u00e9rica (&quot;Keystone PVA&quot;) es un cap\u00edtulo autorizado de los Veteranos Paralizados de Am\u00e9rica, cuya sede nacional est\u00e1 en 801 18th Street NW, Washington, DC 20006-3517. Esto les da a los veteranos paralizados acceso r\u00e1pido a la oficina central del Departamento de Asuntos de Veteranos y Congreso de EE. UU. Tambi\u00e9n se llevan a cabo o se coordinan desde las oficinas de DC la promoci\u00f3n, cientos de eventos deportivos y recreativos para veteranos, planificaci\u00f3n de reuniones, asesoramiento legal, recaudaci\u00f3n de fondos, publicaci\u00f3n y gesti\u00f3n de informaci\u00f3n y gesti\u00f3n de problemas m\u00e9dicos.<\/p>\n\n\n\n<p>Veteranos Paralizados tambi\u00e9n tiene 61 Oficinas de Servicio Nacional, cada una de las cuales cuenta con un oficial de servicio capacitado que trabaja directamente con los veteranos paralizados para asegurar que se maximice la calidad de su atenci\u00f3n m\u00e9dica y que se obtengan los beneficios. Los miembros del cap\u00edtulo de Keystone son atendidos principalmente por oficiales de servicio con sede en Pittsburgh (Kurtt Robinson, NSO y Darlene Mead, asistente administrativa) y Filadelfia (Violet Graham, administradora acreditada).<\/p>\n\n\n\n<p>Las 33 oficinas del cap\u00edtulo, incluido Keystone, y los miembros del cap\u00edtulo, apoyan el trabajo de los oficiales de servicio al trabajar con ellos y lo m\u00e1s cerca posible, en una funci\u00f3n de defensa, con el personal de los hospitales de VA, especialmente el personal de las cl\u00ednicas y centros de lesiones de la m\u00e9dula espinal. .<\/p>\n\n\n\n<p>Los Veteranos Paralizados de Am\u00e9rica remontan su fundaci\u00f3n a 1946 (\u00a1feliz 72 cumplea\u00f1os!). El cap\u00edtulo de Keystone fue fundado en 1960.<\/p>\n\n    <div class=\"xs_social_share_widget xs_share_url after_content \t\tmain_content  wslu-style-1 wslu-share-box-shaped wslu-fill-colored wslu-none wslu-share-horizontal wslu-theme-font-no wslu-main_content\">\n\n\t\t\n        <ul>\n\t\t\t        <\/ul>\n    <\/div>","protected":false},"excerpt":{"rendered":"<p>El Cap\u00edtulo Keystone de los Veteranos Paralizados de Am\u00e9rica (&quot;Keystone PVA&quot;) es un cap\u00edtulo autorizado de los Veteranos Paralizados de Am\u00e9rica, cuya sede nacional se encuentra en 801 18th...&nbsp;<a href=\"https:\/\/www.kpva.org\/es\/national-pva\/\" rel=\"bookmark\">Leer m\u00e1s \u00bb<span class=\"screen-reader-text\">Las oficinas nacionales de los Veteranos Paralizados<\/span><\/a><\/p>","protected":false},"author":10,"featured_media":0,"parent":0,"menu_order":0,"comment_status":"closed","ping_status":"closed","template":"","meta":{"give_campaign_id":0,"om_disable_all_campaigns":false,"_exactmetrics_skip_tracking":false,"_exactmetrics_sitenote_active":false,"_exactmetrics_sitenote_note":"","_exactmetrics_sitenote_category":0,"_monsterinsights_skip_tracking":false,"_monsterinsights_sitenote_active":false,"_monsterinsights_sitenote_note":"","_monsterinsights_sitenote_category":0,"neve_meta_sidebar":"","neve_meta_container":"","neve_meta_enable_content_width":"","neve_meta_content_width":0,"neve_meta_title_alignment":"","neve_meta_author_avatar":"","neve_post_elements_order":"","neve_meta_disable_header":"","neve_meta_disable_footer":"","neve_meta_disable_title":"","_EventAllDay":false,"_EventTimezone":"","_EventStartDate":"","_EventEndDate":"","_EventStartDateUTC":"","_EventEndDateUTC":"","_EventShowMap":false,"_EventShowMapLink":false,"_EventURL":"","_EventCost":"","_EventCostDescription":"","_EventCurrencySymbol":"","_EventCurrencyCode":"","_EventCurrencyPosition":"","_EventDateTimeSeparator":"","_EventTimeRangeSeparator":"","_EventOrganizerID":[],"_EventVenueID":[],"_OrganizerEmail":"","_OrganizerPhone":"","_OrganizerWebsite":"","_VenueAddress":"","_VenueCity":"","_VenueCountry":"","_VenueProvince":"","_VenueState":"","_VenueZip":"","_VenuePhone":"","_VenueURL":"","_VenueStateProvince":"","_VenueLat":"","_VenueLng":"","_VenueShowMap":false,"_VenueShowMapLink":false,"_themeisle_gutenberg_block_has_review":false,"footnotes":""},"class_list":["post-14","page","type-page","status-publish","hentry"],"aioseo_notices":[],"campaignId":"","_links":{"self":[{"href":"https:\/\/www.kpva.org\/es\/wp-json\/wp\/v2\/pages\/14","targetHints":{"allow":["GET"]}}],"collection":[{"href":"https:\/\/www.kpva.org\/es\/wp-json\/wp\/v2\/pages"}],"about":[{"href":"https:\/\/www.kpva.org\/es\/wp-json\/wp\/v2\/types\/page"}],"author":[{"embeddable":true,"href":"https:\/\/www.kpva.org\/es\/wp-json\/wp\/v2\/users\/10"}],"replies":[{"embeddable":true,"href":"https:\/\/www.kpva.org\/es\/wp-json\/wp\/v2\/comments?post=14"}],"version-history":[{"count":0,"href":"https:\/\/www.kpva.org\/es\/wp-json\/wp\/v2\/pages\/14\/revisions"}],"wp:attachment":[{"href":"https:\/\/www.kpva.org\/es\/wp-json\/wp\/v2\/media?parent=14"}],"curies":[{"name":"gracias","href":"https:\/\/api.w.org\/{rel}","templated":true}]}}